{"id":2,"date":"2025-11-22T12:03:31","date_gmt":"2025-11-22T12:03:31","guid":{"rendered":"http:\/\/solectwo.brzozki.org\/?page_id=2"},"modified":"2025-11-22T16:36:53","modified_gmt":"2025-11-22T16:36:53","slug":"sample-page","status":"publish","type":"page","link":"https:\/\/solectwo.brzozki.org\/index.php\/sample-page\/","title":{"rendered":"O nas"},"content":{"rendered":"\n<p>Witaj w Brz\u00f3zkach! So\u0142ectwo Brz\u00f3zki to aktywna jednostka pomocnicza gminy Kramsk, zlokalizowana w centralnej cz\u0119\u015bci Polski, w wojew\u00f3dztwie wielkopolskim.<\/p>\n\n\n\n<h3 class=\"wp-block-heading\">Nasza Lokalizacja<\/h3>\n\n\n\n<p><strong>Gmina:<\/strong> Kramsk<\/p>\n\n\n\n<p><strong>Powiat:<\/strong> Koni\u0144ski<\/p>\n\n\n\n<p><strong>Wojew\u00f3dztwo:<\/strong> Wielkopolskie<\/p>\n\n\n\n<p><strong>Kod pocztowy:<\/strong> 62-511<\/p>\n","protected":false},"excerpt":{"rendered":"<p>Witaj w Brz\u00f3zkach! So\u0142ectwo Brz\u00f3zki to aktywna jednostka pomocnicza gminy Kramsk, zlokalizowana w centralnej cz\u0119\u015bci Polski, w wojew\u00f3dztwie wielkopolskim. Nasza Lokalizacja Gmina: Kramsk Powiat: Koni\u0144ski Wojew\u00f3dztwo: Wielkopolskie Kod pocztowy: 62-511<\/p>\n","protected":false},"author":1,"featured_media":0,"parent":0,"menu_order":0,"comment_status":"closed","ping_status":"open","template":"","meta":{"footnotes":""},"class_list":["post-2","page","type-page","status-publish","hentry"],"_links":{"self":[{"href":"https:\/\/solectwo.brzozki.org\/index.php\/wp-json\/wp\/v2\/pages\/2","targetHints":{"allow":["GET"]}}],"collection":[{"href":"https:\/\/solectwo.brzozki.org\/index.php\/wp-json\/wp\/v2\/pages"}],"about":[{"href":"https:\/\/solectwo.brzozki.org\/index.php\/wp-json\/wp\/v2\/types\/page"}],"author":[{"embeddable":true,"href":"https:\/\/solectwo.brzozki.org\/index.php\/wp-json\/wp\/v2\/users\/1"}],"replies":[{"embeddable":true,"href":"https:\/\/solectwo.brzozki.org\/index.php\/wp-json\/wp\/v2\/comments?post=2"}],"version-history":[{"count":1,"href":"https:\/\/solectwo.brzozki.org\/index.php\/wp-json\/wp\/v2\/pages\/2\/revisions"}],"predecessor-version":[{"id":13,"href":"https:\/\/solectwo.brzozki.org\/index.php\/wp-json\/wp\/v2\/pages\/2\/revisions\/13"}],"wp:attachment":[{"href":"https:\/\/solectwo.brzozki.org\/index.php\/wp-json\/wp\/v2\/media?parent=2"}],"curies":[{"name":"wp","href":"https:\/\/api.w.org\/{rel}","templated":true}]}}